{"id":189,"date":"2022-11-12T17:01:43","date_gmt":"2022-11-12T16:01:43","guid":{"rendered":"https:\/\/rainerbartenschlager.de\/?page_id=189"},"modified":"2023-02-04T14:55:42","modified_gmt":"2023-02-04T13:55:42","slug":"ablauf","status":"publish","type":"page","link":"https:\/\/rainerbartenschlager.de\/?page_id=189","title":{"rendered":"Ablauf"},"content":{"rendered":"\n<h2 class=\"wp-block-heading\">Sprechstunde<\/h2>\n\n\n\n<p class=\"has-small-font-size\">Die psychotherapeutische Sprechstunde ist die Voraussetzung daf\u00fcr, dass eine psychotherapeutische Behandlung stattfinden kann. Es m\u00fcssen mindestens 50 Minuten Sprechstunde stattgefunden haben, bevor weitere psychotherapeutische Leistungen angeboten werden k\u00f6nnen. Bei Kindern und Jugendlichen k\u00f6nnen bis zu 10 x 25-min\u00fctige Termine durchgef\u00fchrt werden, davon k\u00f6nnen bis zu 100 Minuten nur mit den Eltern vereinbart werden.<\/p>\n\n\n\n<h2 class=\"wp-block-heading\">Probatorik<\/h2>\n\n\n\n<p class=\"has-small-font-size\">Vor Beantragung einer Psychotherapie findet die Probatorik statt, in der, \u00fcber die Sprechstunde hinaus, eine weitere und vertiefte Abkl\u00e4rung des Krankheitsbildes, die Geeignetheit der Psychotherapie und die Eignung des Psychotherapieverfahrens gepr\u00fcft werden soll. Bei Kindern und Jugendliche k\u00f6nnen sechs probatorische Sitzungen durchgef\u00fchrt werden. Diese Gespr\u00e4che k\u00f6nnen Eltern zum Teil auch allein nutzen. Vor Beginn einer Richtlinientherapie m\u00fcssen mindestens zwei probatorische Sitzungen durchgef\u00fchrt werden.<\/p>\n\n\n\n<h2 class=\"wp-block-heading\">Antrag bei der Krankenkasse<\/h2>\n\n\n\n<p class=\"has-small-font-size\">Psychotherapie ist eine Leistung der gesetzlichen und privaten Krankenversicherung. F\u00fcr die Behandlung muss zuvor ein Antrag bei der Krankenkasse gestellt und von dieser genehmigt werden. Die entsprechenden Formulare bekommen Sie von der Praxis. Es gibt die M\u00f6glichkeit eine Kurzzeittherapie mit 12 Stunden oder ein Langzeittherapie mit 60 Stunden zu beantragen. In der Kinder- und Jugendlichenpsychotherapie werden immer auch zus\u00e4tzliche Stunden mit den Bezugspersonen, in der Regel die Eltern, beantragt.<\/p>\n\n\n\n<div class=\"wp-block-columns is-layout-flex wp-container-core-columns-is-layout-9d6595d7 wp-block-columns-is-layout-flex\">\n<div class=\"wp-block-column is-vertically-aligned-center is-layout-flow wp-block-column-is-layout-flow\">\n<div class=\"wp-block-cover is-light\"><span aria-hidden=\"true\" class=\"wp-block-cover__background has-background-dim-100 has-background-dim\" style=\"background-color:#f6f6f6\"><\/span><div class=\"wp-block-cover__inner-container is-layout-flow wp-block-cover-is-layout-flow\"><div class=\"wp-block-image\">\n<figure class=\"aligncenter size-full\"><img loading=\"lazy\" decoding=\"async\" width=\"320\" height=\"419\" src=\"https:\/\/rainerbartenschlager.de\/wp-content\/uploads\/ablauf01.jpg\" alt=\"Therapieantrag\" class=\"wp-image-359\" srcset=\"https:\/\/rainerbartenschlager.de\/wp-content\/uploads\/ablauf01.jpg 320w, https:\/\/rainerbartenschlager.de\/wp-content\/uploads\/ablauf01-229x300.jpg 229w\" sizes=\"auto, (max-width: 320px) 100vw, 320px\" \/><figcaption class=\"wp-element-caption\">Der Hund mit dem gelben Herzen &#8211; Julian, 8 Jahre<\/figcaption><\/figure>\n<\/div><\/div><\/div>\n<\/div>\n\n\n\n<div class=\"wp-block-column is-vertically-aligned-center is-layout-flow wp-block-column-is-layout-flow\">\n<p class=\"has-small-font-size\">Bei Kindern, die noch keine 15 Jahre alt sind, m\u00fcssen bei gemeinsamem Sorgerecht in der Regel beide Eltern einer Psychotherapie zustimmen.<\/p>\n\n\n\n<p class=\"has-small-font-size\">Jugendliche k\u00f6nnen auch ohne Wissen der Eltern eine Psychotherapie beginnen. Wenn sie gesetzlich krankenversichert sind, k\u00f6nnen sie ab einem Alter von 15 Jahren die Psychotherapie ohne ihre Eltern bei der Krankenkasse beantragen.<\/p>\n<\/div>\n<\/div>\n\n\n\n<h2 class=\"wp-block-heading\">Schweigepflicht<\/h2>\n\n\n\n<p class=\"has-small-font-size\">Als Psychotherapeut bin ich grunds\u00e4tzlich zur Verschwiegenheit verpflichtet. Ich darf \u00fcber das, was mir im Zusammenhang mit meiner beruflichen T\u00e4tigkeit anvertraut worden ist, nicht mit anderen sprechen. Ausk\u00fcnfte k\u00f6nnen nur bei Vorliegen einer entsprechenden Schweigepflichtsentbindung gegeben werden. Wenn Kinder noch nicht \u00bbeinsichtsf\u00e4hig\u00ab sind, das ist in der Regel bis zu einem Alter von 14 Jahren so, dann \u00fcberwiegt das Erziehungsrecht der Eltern gegen\u00fcber der Schweigepflicht des Psychotherapeuten.<\/p>\n","protected":false},"excerpt":{"rendered":"<p>Sprechstunde Die psychotherapeutische Sprechstunde ist die Voraussetzung daf\u00fcr, dass eine psychotherapeutische Behandlung stattfinden kann. Es m\u00fcssen mindestens 50 Minuten Sprechstunde stattgefunden haben, bevor weitere psychotherapeutische [&#8230;]<\/p>\n","protected":false},"author":1,"featured_media":0,"parent":0,"menu_order":0,"comment_status":"closed","ping_status":"closed","template":"","meta":{"footnotes":""},"class_list":["post-189","page","type-page","status-publish","hentry"],"_links":{"self":[{"href":"https:\/\/rainerbartenschlager.de\/index.php?rest_route=\/wp\/v2\/pages\/189","targetHints":{"allow":["GET"]}}],"collection":[{"href":"https:\/\/rainerbartenschlager.de\/index.php?rest_route=\/wp\/v2\/pages"}],"about":[{"href":"https:\/\/rainerbartenschlager.de\/index.php?rest_route=\/wp\/v2\/types\/page"}],"author":[{"embeddable":true,"href":"https:\/\/rainerbartenschlager.de\/index.php?rest_route=\/wp\/v2\/users\/1"}],"replies":[{"embeddable":true,"href":"https:\/\/rainerbartenschlager.de\/index.php?rest_route=%2Fwp%2Fv2%2Fcomments&post=189"}],"version-history":[{"count":8,"href":"https:\/\/rainerbartenschlager.de\/index.php?rest_route=\/wp\/v2\/pages\/189\/revisions"}],"predecessor-version":[{"id":684,"href":"https:\/\/rainerbartenschlager.de\/index.php?rest_route=\/wp\/v2\/pages\/189\/revisions\/684"}],"wp:attachment":[{"href":"https:\/\/rainerbartenschlager.de\/index.php?rest_route=%2Fwp%2Fv2%2Fmedia&parent=189"}],"curies":[{"name":"wp","href":"https:\/\/api.w.org\/{rel}","templated":true}]}}