{"id":188,"date":"2022-11-12T17:01:43","date_gmt":"2022-11-12T16:01:43","guid":{"rendered":"https:\/\/rainerbartenschlager.de\/?page_id=188"},"modified":"2023-02-04T14:57:00","modified_gmt":"2023-02-04T13:57:00","slug":"unterstuetzung","status":"publish","type":"page","link":"https:\/\/rainerbartenschlager.de\/?page_id=188","title":{"rendered":"Unterst\u00fctzung"},"content":{"rendered":"\n<h2 class=\"wp-block-heading\">Anlass f\u00fcr eine Psychotherapie k\u00f6nnen sein<\/h2>\n\n\n\n<div class=\"wp-block-columns are-vertically-aligned-center has-background is-layout-flex wp-container-core-columns-is-layout-9d6595d7 wp-block-columns-is-layout-flex\" style=\"background-color:#f6f6f6\">\n<div class=\"wp-block-column is-vertically-aligned-center is-layout-flow wp-block-column-is-layout-flow\">\n<ul class=\"has-small-font-size wp-block-list\">\n<li>andauernde \u00c4ngste<\/li>\n\n\n\n<li>Niedergeschlagenheit und Hoffnungslosigkeit<\/li>\n\n\n\n<li>\u00fcberm\u00e4\u00dfiger R\u00fcckzug, Kontakt- und Beziehungsprobleme<\/li>\n\n\n\n<li>traumatische Erlebnisse<\/li>\n\n\n\n<li>k\u00f6rperliche Beschwerden ohne organischen Befund<\/li>\n\n\n\n<li>qu\u00e4lende, immer wiederkehrende Gedanken oder Handlungen und Tics<\/li>\n\n\n\n<li>anhaltende Unruhe und Aufmerksamkeitsst\u00f6rungen<\/li>\n\n\n\n<li>Konzentrations-, Lern- und Arbeitsst\u00f6rungen<\/li>\n\n\n\n<li>Lese- oder Rechenschw\u00e4che<\/li>\n\n\n\n<li>auffallend aggressives, verweigerndes und oppositionelles Verhalten<\/li>\n<\/ul>\n<\/div>\n\n\n\n<div class=\"wp-block-column is-vertically-aligned-center is-layout-flow wp-block-column-is-layout-flow\">\n<div class=\"wp-block-cover is-light\"><span aria-hidden=\"true\" class=\"wp-block-cover__background has-background-dim-100 has-background-dim\" style=\"background-color:#f6f6f6\"><\/span><div class=\"wp-block-cover__inner-container is-layout-flow wp-block-cover-is-layout-flow\"><div class=\"wp-block-image\">\n<figure class=\"aligncenter size-large\"><img loading=\"lazy\" decoding=\"async\" width=\"858\" height=\"1024\" src=\"https:\/\/rainerbartenschlager.de\/wp-content\/uploads\/unterstuetzung01-858x1024.jpg\" alt=\"Trauer, Deppression\" class=\"wp-image-234\" srcset=\"https:\/\/rainerbartenschlager.de\/wp-content\/uploads\/unterstuetzung01-858x1024.jpg 858w, https:\/\/rainerbartenschlager.de\/wp-content\/uploads\/unterstuetzung01-251x300.jpg 251w, https:\/\/rainerbartenschlager.de\/wp-content\/uploads\/unterstuetzung01-768x916.jpg 768w, https:\/\/rainerbartenschlager.de\/wp-content\/uploads\/unterstuetzung01.jpg 1000w\" sizes=\"auto, (max-width: 858px) 100vw, 858px\" \/><figcaption class=\"wp-element-caption\">PENELOPE &#8211; Anna, 9 Jahre<\/figcaption><\/figure>\n<\/div><\/div><\/div>\n<\/div>\n<\/div>\n\n\n\n<hr class=\"wp-block-separator has-css-opacity is-style-default\"\/>\n\n\n\n<div class=\"wp-block-columns are-vertically-aligned-center has-background is-layout-flex wp-container-core-columns-is-layout-9d6595d7 wp-block-columns-is-layout-flex\" style=\"background-color:#f6f6f6\">\n<div class=\"wp-block-column is-vertically-aligned-center is-layout-flow wp-block-column-is-layout-flow\">\n<div class=\"wp-block-cover is-light\"><span aria-hidden=\"true\" class=\"wp-block-cover__background has-background-dim-100 has-background-dim\" style=\"background-color:#f6f6f6\"><\/span><div class=\"wp-block-cover__inner-container is-layout-flow wp-block-cover-is-layout-flow\">\n<figure class=\"wp-block-image size-large\"><img loading=\"lazy\" decoding=\"async\" width=\"854\" height=\"1024\" src=\"https:\/\/rainerbartenschlager.de\/wp-content\/uploads\/unterstuetzung02-854x1024.jpg\" alt=\"\u00c4ngste, Zw\u00e4nge\" class=\"wp-image-235\" srcset=\"https:\/\/rainerbartenschlager.de\/wp-content\/uploads\/unterstuetzung02-854x1024.jpg 854w, https:\/\/rainerbartenschlager.de\/wp-content\/uploads\/unterstuetzung02-250x300.jpg 250w, https:\/\/rainerbartenschlager.de\/wp-content\/uploads\/unterstuetzung02-768x921.jpg 768w, https:\/\/rainerbartenschlager.de\/wp-content\/uploads\/unterstuetzung02.jpg 1000w\" sizes=\"auto, (max-width: 854px) 100vw, 854px\" \/><figcaption class=\"wp-element-caption\">HERAKLES &#8211; Can, 10 Jahre<\/figcaption><\/figure>\n<\/div><\/div>\n<\/div>\n\n\n\n<div class=\"wp-block-column is-vertically-aligned-center is-layout-flow wp-block-column-is-layout-flow\">\n<blockquote class=\"wp-block-quote has-text-align-center is-style-large has-small-font-size is-layout-flow wp-block-quote-is-layout-flow\">\n<p class=\"has-small-font-size\">\u201eDepression bedeutet Wegdr\u00fccken. Um ein Idealbild aufrecht zuhalten, dr\u00fccken wir Impulse, Empfindungen, Gef\u00fchle und Emotionen weg. Die daf\u00fcr verbrauchte Kraft fehlt f\u00fcr die gesunde Aggression: Die F\u00e4higkeit, auf das zuzugehen, was n\u00e4hrt und n\u00fctzt, von dem wegzugehen, was zehrt und schadet, und gegen das anzugehen, was uns bedroht.\u201c<\/p>\n<cite>\u2013 Dr. Wolf B\u00fcntig<\/cite><\/blockquote>\n<\/div>\n<\/div>\n\n\n\n<hr class=\"wp-block-separator has-css-opacity is-style-default\"\/>\n\n\n\n<div class=\"wp-block-columns are-vertically-aligned-center has-background is-layout-flex wp-container-core-columns-is-layout-9d6595d7 wp-block-columns-is-layout-flex\" style=\"background-color:#f6f6f6\">\n<div class=\"wp-block-column is-vertically-aligned-center is-layout-flow wp-block-column-is-layout-flow\">\n<ul class=\"has-small-font-size wp-block-list\">\n<li>Essst\u00f6rungen<\/li>\n\n\n\n<li>selbstverletzendes Verhalten<\/li>\n\n\n\n<li>d\u00fcstere, lebensm\u00fcde Stimmungen; Gedanken, sich umzubringen<\/li>\n\n\n\n<li>starkes Verlangen (Sucht) zum Beispiel nach Alkohol, Medikamenten, Drogen, Internet<\/li>\n\n\n\n<li>chronische Erkrankungen wie Asthma, Diabetes, Neurodermitis, die zur seelischen Belastung werden<\/li>\n\n\n\n<li>einn\u00e4ssen und einkoten<\/li>\n\n\n\n<li>Schlafst\u00f6rungen<\/li>\n\n\n\n<li>zu sp\u00e4t sprechen lernen, gro\u00dfe Ungeschicklichkeit<\/li>\n\n\n\n<li>weglaufen, Schule schw\u00e4nzen, stehlen und l\u00fcgen<\/li>\n<\/ul>\n<\/div>\n\n\n\n<div class=\"wp-block-column is-vertically-aligned-center is-layout-flow wp-block-column-is-layout-flow\">\n<div class=\"wp-block-cover is-light\"><span aria-hidden=\"true\" class=\"wp-block-cover__background has-background-dim-100 has-background-dim\" style=\"background-color:#f6f6f6\"><\/span><div class=\"wp-block-cover__inner-container is-layout-flow wp-block-cover-is-layout-flow\"><div class=\"wp-block-image\">\n<figure class=\"aligncenter size-full\"><img loading=\"lazy\" decoding=\"async\" width=\"946\" height=\"628\" src=\"https:\/\/rainerbartenschlager.de\/wp-content\/uploads\/unterstuetzung03.jpg\" alt=\"Wut, Aggression, oppositionelles Verhalten\" class=\"wp-image-236\" srcset=\"https:\/\/rainerbartenschlager.de\/wp-content\/uploads\/unterstuetzung03.jpg 946w, https:\/\/rainerbartenschlager.de\/wp-content\/uploads\/unterstuetzung03-300x199.jpg 300w, https:\/\/rainerbartenschlager.de\/wp-content\/uploads\/unterstuetzung03-768x510.jpg 768w\" sizes=\"auto, (max-width: 946px) 100vw, 946px\" \/><figcaption class=\"wp-element-caption\">Anton, 6 Jahre<\/figcaption><\/figure>\n<\/div><\/div><\/div>\n<\/div>\n<\/div>\n","protected":false},"excerpt":{"rendered":"<p>Anlass f\u00fcr eine Psychotherapie k\u00f6nnen sein \u201eDepression bedeutet Wegdr\u00fccken. Um ein Idealbild aufrecht zuhalten, dr\u00fccken wir Impulse, Empfindungen, Gef\u00fchle und Emotionen weg. Die daf\u00fcr verbrauchte [&#8230;]<\/p>\n","protected":false},"author":1,"featured_media":0,"parent":0,"menu_order":0,"comment_status":"closed","ping_status":"closed","template":"","meta":{"footnotes":""},"class_list":["post-188","page","type-page","status-publish","hentry"],"_links":{"self":[{"href":"https:\/\/rainerbartenschlager.de\/index.php?rest_route=\/wp\/v2\/pages\/188","targetHints":{"allow":["GET"]}}],"collection":[{"href":"https:\/\/rainerbartenschlager.de\/index.php?rest_route=\/wp\/v2\/pages"}],"about":[{"href":"https:\/\/rainerbartenschlager.de\/index.php?rest_route=\/wp\/v2\/types\/page"}],"author":[{"embeddable":true,"href":"https:\/\/rainerbartenschlager.de\/index.php?rest_route=\/wp\/v2\/users\/1"}],"replies":[{"embeddable":true,"href":"https:\/\/rainerbartenschlager.de\/index.php?rest_route=%2Fwp%2Fv2%2Fcomments&post=188"}],"version-history":[{"count":47,"href":"https:\/\/rainerbartenschlager.de\/index.php?rest_route=\/wp\/v2\/pages\/188\/revisions"}],"predecessor-version":[{"id":687,"href":"https:\/\/rainerbartenschlager.de\/index.php?rest_route=\/wp\/v2\/pages\/188\/revisions\/687"}],"wp:attachment":[{"href":"https:\/\/rainerbartenschlager.de\/index.php?rest_route=%2Fwp%2Fv2%2Fmedia&parent=188"}],"curies":[{"name":"wp","href":"https:\/\/api.w.org\/{rel}","templated":true}]}}