{"id":186,"date":"2022-11-12T17:01:43","date_gmt":"2022-11-12T16:01:43","guid":{"rendered":"https:\/\/rainerbartenschlager.de\/?page_id=186"},"modified":"2023-02-04T14:57:41","modified_gmt":"2023-02-04T13:57:41","slug":"verhaltenstherapie","status":"publish","type":"page","link":"https:\/\/rainerbartenschlager.de\/?page_id=186","title":{"rendered":"Verhaltenstherapie"},"content":{"rendered":"\n<p class=\"has-small-font-size\">In der Verhaltenstherapie werden neue Verhaltensweisen einge\u00fcbt. Die Selbstbestimmung des Patienten wird dabei unbedingt respektiert. Die Aufmerksamkeit wird auf hinderliche Schemata des F\u00fchlens, Denkens und Handelns gerichtet. Die Verhaltenstherapie geht davon aus, dass bestimmte erlernte Denkmuster und erlernte emotionale Gewohnheiten zu einer psychischen St\u00f6rung f\u00fchren. Problematische Denkmuster und problematische emotionale Gewohnheiten k\u00f6nnen ihren Ursprung in einer unkontrollierbar erlebten Verletzung psychischer Grundbed\u00fcrfnisse in fr\u00fchester Kindheit oder in sp\u00e4teren \u00dcberforderungssituationen haben.<\/p>\n\n\n\n<hr class=\"wp-block-separator has-css-opacity is-style-default\"\/>\n\n\n\n<blockquote class=\"wp-block-quote has-text-align-center is-style-large has-small-font-size is-layout-flow wp-block-quote-is-layout-flow\">\n<p class=\"has-small-font-size\">\u201e<strong>Linus<\/strong>: Du siehst so deprimiert aus Charlie Brown. <strong>Charlie Brown<\/strong>: Ich mache mir viele Sorgen um die Schule \u2013 und au\u00dferdem mache ich mir viele Sorgen dar\u00fcber, dass ich mir so viele Sorgen um die Schule mache. \u2013 Meine \u00c4ngste haben \u00c4ngste.\u201c<\/p>\n<cite>\u2013 Charles Schulz (1991) , <em>Peanuts-Cartoons<\/em><\/cite><\/blockquote>\n\n\n\n<hr class=\"wp-block-separator has-css-opacity is-style-default\"\/>\n\n\n\n<div class=\"wp-block-columns are-vertically-aligned-center is-layout-flex wp-container-core-columns-is-layout-9d6595d7 wp-block-columns-is-layout-flex\">\n<div class=\"wp-block-column is-vertically-aligned-center is-layout-flow wp-block-column-is-layout-flow\">\n<div class=\"wp-block-cover aligncenter is-light\"><span aria-hidden=\"true\" class=\"wp-block-cover__background has-background-dim-100 has-background-dim\" style=\"background-color:#f6f6f6\"><\/span><div class=\"wp-block-cover__inner-container is-layout-flow wp-block-cover-is-layout-flow\"><div class=\"wp-block-image\">\n<figure class=\"aligncenter size-full\"><img loading=\"lazy\" decoding=\"async\" width=\"320\" height=\"292\" src=\"https:\/\/rainerbartenschlager.de\/wp-content\/uploads\/verhaltenstherapie01.jpg\" alt=\"Verhaltenstherapie mit Kindern\" class=\"wp-image-344\" srcset=\"https:\/\/rainerbartenschlager.de\/wp-content\/uploads\/verhaltenstherapie01.jpg 320w, https:\/\/rainerbartenschlager.de\/wp-content\/uploads\/verhaltenstherapie01-300x274.jpg 300w\" sizes=\"auto, (max-width: 320px) 100vw, 320px\" \/><figcaption class=\"wp-element-caption\">MARATHON, Ella, 6 Jahre<\/figcaption><\/figure>\n<\/div><\/div><\/div>\n<\/div>\n\n\n\n<div class=\"wp-block-column is-vertically-aligned-center is-layout-flow wp-block-column-is-layout-flow\">\n<h2 class=\"wp-block-heading\">Verhaltenstherapie &#8230;<\/h2>\n\n\n\n<ul class=\"has-small-font-size wp-block-list\">\n<li>orientiert sich an wissenschaftlich \u00fcberpr\u00fcften psychologischen Erkenntnissen und an den Erkenntnissen von Nachbardiziplinen (wie z. B. Biologie, Soziologie, Medizin).<\/li>\n\n\n\n<li>setzt an der gegenw\u00e4rtigen Problematik an.<\/li>\n\n\n\n<li>setzt an den beg\u00fcnstigenden, ausl\u00f6senden und aufrechterhaltenden Probembedingungen an.<\/li>\n\n\n\n<li>ist ziel- und l\u00f6sungsorientiert.<\/li>\n\n\n\n<li>ist handlungsorientiert.<\/li>\n\n\n\n<li>strebt eine \u00dcbertagung des in der Therapie Erlernten auf den Alltag an.<\/li>\n\n\n\n<li>ist transparent in den zur Anwendung kommenden Erkl\u00e4rungsmodellen und des daraus abgeleiteten therapeutischen Vorgehens.<\/li>\n\n\n\n<li>soll &#8222;Hilfe zur Selbsthilfe&#8220; sein.<\/li>\n\n\n\n<li>bem\u00fcht sich um st\u00e4ndige Weiterentwicklung.<\/li>\n<\/ul>\n<\/div>\n<\/div>\n\n\n\n<h2 class=\"wp-block-heading\">Verhaltenstherapie mit Kindern<\/h2>\n\n\n\n<p class=\"has-small-font-size\">Kinder fragen selten von sich aus nach einer Psychotherapie. Fast immer sind es die Eltern, die die Entscheidung dazu treffen. F\u00fcr eine erfolgreiche Behandlung ist es entscheidend, dass auch das Kind bereit ist, Hilfe anzunehmen. Die Behandlung erfolgt meist allein mit dem Kind. J\u00fcngere Kinder sind h\u00e4ufig noch nicht in der Lage, ihr seelisches Befinden mit Worten zu beschreiben. Deshalb lasse ich Kinder ihre Gef\u00fchle und Gedanken auch zeichnerisch oder spielerisch darstellen. Manchmal finden gemeinsame Termine mit Eltern und Kind statt oder mit den Eltern allein. Dabei geht es meist darum zu besprechen, wie die Eltern den Heilungsprozess unterst\u00fctzen k\u00f6nnen. Nach R\u00fccksprache mit den Eltern k\u00f6nnen auch Fachkr\u00e4fte aus Schule oder Kindergarten mit einbezogen werden.<\/p>\n","protected":false},"excerpt":{"rendered":"<p>In der Verhaltenstherapie werden neue Verhaltensweisen einge\u00fcbt. Die Selbstbestimmung des Patienten wird dabei unbedingt respektiert. Die Aufmerksamkeit wird auf hinderliche Schemata des F\u00fchlens, Denkens und [&#8230;]<\/p>\n","protected":false},"author":1,"featured_media":0,"parent":0,"menu_order":0,"comment_status":"closed","ping_status":"closed","template":"","meta":{"footnotes":""},"class_list":["post-186","page","type-page","status-publish","hentry"],"_links":{"self":[{"href":"https:\/\/rainerbartenschlager.de\/index.php?rest_route=\/wp\/v2\/pages\/186","targetHints":{"allow":["GET"]}}],"collection":[{"href":"https:\/\/rainerbartenschlager.de\/index.php?rest_route=\/wp\/v2\/pages"}],"about":[{"href":"https:\/\/rainerbartenschlager.de\/index.php?rest_route=\/wp\/v2\/types\/page"}],"author":[{"embeddable":true,"href":"https:\/\/rainerbartenschlager.de\/index.php?rest_route=\/wp\/v2\/users\/1"}],"replies":[{"embeddable":true,"href":"https:\/\/rainerbartenschlager.de\/index.php?rest_route=%2Fwp%2Fv2%2Fcomments&post=186"}],"version-history":[{"count":19,"href":"https:\/\/rainerbartenschlager.de\/index.php?rest_route=\/wp\/v2\/pages\/186\/revisions"}],"predecessor-version":[{"id":688,"href":"https:\/\/rainerbartenschlager.de\/index.php?rest_route=\/wp\/v2\/pages\/186\/revisions\/688"}],"wp:attachment":[{"href":"https:\/\/rainerbartenschlager.de\/index.php?rest_route=%2Fwp%2Fv2%2Fmedia&parent=186"}],"curies":[{"name":"wp","href":"https:\/\/api.w.org\/{rel}","templated":true}]}}