{"id":151,"date":"2022-11-08T23:16:58","date_gmt":"2022-11-08T22:16:58","guid":{"rendered":"https:\/\/rainerbartenschlager.de\/?page_id=151"},"modified":"2025-04-05T12:56:08","modified_gmt":"2025-04-05T10:56:08","slug":"datenschutz","status":"publish","type":"page","link":"https:\/\/rainerbartenschlager.de\/?page_id=151","title":{"rendered":"Datenschutz"},"content":{"rendered":"\n<p class=\"has-small-font-size\">Ich nehme den Schutz Ihrer pers\u00f6nlichen Daten sehr ernst. Ich behandele Ihre personenbezogenen Daten vertraulich und entsprechend der gesetzlichen Datenschutzvorschriften sowie dieser Datenschutzerkl\u00e4rung. Ich m\u00f6chte Sie hiermit \u00fcber die Verarbeitung von personenbezogenen Daten auf dieser Website informieren. Ich verarbeite Ihre pers\u00f6nlichen Daten nur, wenn Sie hierin eingewilligt haben oder hier eine gesetzliche Grundlage besteht. <strong>Verantwortlich f\u00fcr die Verarbeitung der personenbezogenen Daten<\/strong> ist: Rainer Bartenschlager, Winthirstr. 19, 80639 M\u00fcnchen, E-Mail: rainer.bartenschlager@t-online.de, Tel.: +49 151 1099 8479.<\/p>\n\n\n\n<h2 class=\"wp-block-heading\">Allgemein<\/h2>\n\n\n\n<p class=\"has-small-font-size\">Meine Website dient der Bereitstellung von Informationen \u00fcber meine Praxis.  Beim Besuch meiner Website werden durch den auf Ihrem Endger\u00e4t zum Einsatz kommenden Browser Informationen an den Server meiner Website gesendet. Diese Informationen werden tempor\u00e4r in den Logfiles des Servers gespeichert. Folgende Informationen werden dabei erhoben:<\/p>\n\n\n\n<ul class=\"wp-block-list has-small-font-size\">\n<li>IP-Adresse des anfragenden Rechners,<\/li>\n\n\n\n<li>Datum und Uhrzeit des Zugriffs,<\/li>\n\n\n\n<li>Name und URL der abgerufenen Datei,<\/li>\n\n\n\n<li>zuvor besuchte Webseite (Referrer-URL),<\/li>\n\n\n\n<li>verwendeter Browser und ggf. das Betriebssystem Ihres Rechners sowie der Name Ihres Access-Providers.<\/li>\n<\/ul>\n\n\n\n<p class=\"has-small-font-size\">Die genannten Daten werden erhoben und verarbeitet, damit ein reibungsloser Verbindungsaufbau der Website sichergestellt wird und die Inhalte korrekt dargestellt werden. Die Daten werden gel\u00f6scht, wenn sie nicht mehr erforderlich sind. Die Rechtsgrundlage f\u00fcr die Datenverarbeitung ist Artikel 6 Absatz 1 Satz 1 lit. f DSGVO. Mein berechtigtes Interesse folgt aus oben aufgelisteten Zwecken zur Datenerhebung. In keinem Fall verwende ich die erhobenen Daten zu dem Zweck, R\u00fcckschl\u00fcsse auf Ihre Person zu ziehen.<\/p>\n\n\n\n<h2 class=\"wp-block-heading\">Kontaktaufnahme per E-Mail<\/h2>\n\n\n\n<p class=\"has-small-font-size\">Ich weise darauf hin, dass die Daten\u00fcbertragung im Internet Sicherheitsl\u00fccken aufweisen kann. Ein l\u00fcckenloser Schutz der Daten vor dem Zugriff durch Dritte ist nicht m\u00f6glich. Sollten Sie \u00fcber E-Mail Kontakt mit mir aufnehmen, erfolgt die Verarbeitung Ihrer Daten aufgrund Ihrer freiwillig erteilten Einwilligung gem\u00e4\u00df Artikel 6 Absatz 1 Satz 1 lit. a DSGVO. Diese Daten und Ihre Nachricht werden nur zur Bearbeitung und Beantwortung Ihrer Anfrage gespeichert. Die Daten werden gel\u00f6scht, sobald sie nicht mehr erforderlich sind und keine gesetzliche Aufbewahrungspflicht besteht. Eine Weitergabe Ihrer Daten an Dritte erfolgt nicht. Ihre Einwilligung k\u00f6nnen Sie jederzeit widerrufen. Durch den Widerruf wird die Rechtm\u00e4\u00dfigkeit, der aufgrund der Einwilligung bis zum Widerruf erfolgten Verarbeitung der Daten nicht ber\u00fchrt. Den Widerruf k\u00f6nnen Sie schriftlich oder per E-Mail richten an: Rainer Bartenschlager, Leopoldstr. 52, 80802 M\u00fcnchen, E-Mail: rainer.bartenschlager@t-online.de. Bitte schreiben Sie keine vertraulichen Informationen, insbesondere Gesundheitsdaten in eine unverschl\u00fcsselte E-Mail, sondern nutzen Sie es nur zu einer ersten Kontaktaufnahme.<\/p>\n\n\n\n<h2 class=\"wp-block-heading\">Weitergabe von Daten<\/h2>\n\n\n\n<p class=\"has-small-font-size\">Die auf meiner Website erhobenen Daten werden ohne Ihre ausdr\u00fcckliche Einwilligung (Artikel 6 Absatz 1 Satz 1 lit. a DSGVO) nicht an Dritte weitergegeben.<\/p>\n\n\n\n<h2 class=\"wp-block-heading\">Ihre Rechte<\/h2>\n\n\n\n<p class=\"has-small-font-size\">Sie haben folgende Rechte:<\/p>\n\n\n\n<ul class=\"wp-block-list has-small-font-size\">\n<li>Recht auf Auskunft \u00fcber Ihre von mir verarbeiteten personenbezogenen Daten (Artikel 15 DSGVO), dazu geh\u00f6rt auch: Auskunft \u00fcber Verarbeitungszweck, Kategorie der personenbezogenen Daten, Empf\u00e4nger oder Kategorien von Empf\u00e4ngern, geplante Speicherdauer,<\/li>\n\n\n\n<li>Recht auf unverz\u00fcgliche Berichtigung unrichtiger Daten oder Vervollst\u00e4ndigung unvollst\u00e4ndiger Daten (Artikel 16 DSGVO),<\/li>\n\n\n\n<li>Recht auf unverz\u00fcgliche L\u00f6schung (Artikel 17 DSGVO),<\/li>\n\n\n\n<li>Recht auf Einschr\u00e4nkung der Verarbeitung (Artikel 18 DSGVO),<\/li>\n\n\n\n<li>Recht auf Daten\u00fcbertragbarkeit (Artikel 20 DSGVO),<\/li>\n\n\n\n<li>Recht auf jederzeitigen Widerruf Ihrer einmal erteilten Einwilligung (Artikel 7 Absatz 3 DSGVO),<\/li>\n\n\n\n<li>Recht auf Widerspruch gegen die Verarbeitung bei der Datenerhebung auf Grundlage von berechtigten Interessen nach Artikel 6 Absatz 1 Satz 1 lit. f DSGVO, soweit daf\u00fcr Gr\u00fcnde vorliegen, die sich aus Ihrer besonderen Situation ergeben (Artikel 21 DSGVO),<\/li>\n\n\n\n<li>Recht, nicht einer ausschlie\u00dflich auf einer automatisierten Verarbeitung \u2013 einschlie\u00dflich Profiling \u2013 beruhenden Entscheidung unterworfen zu werden, die Ihnen gegen\u00fcber rechtliche Wirkung entfaltet oder sie in \u00e4hnlicher Weise erheblich beeintr\u00e4chtigt\n(Art. 22 DSGVO).<\/li>\n<\/ul>\n\n\n\n<p class=\"has-small-font-size\">Um diese Rechte geltend zu machen, k\u00f6nnen Sie sich jederzeit an den, im ersten Absatz genannten, <strong>Verantwortlichen f\u00fcr die Verarbeitung der personenbezogenen Daten<\/strong> wenden.<\/p>\n\n\n\n<ul class=\"wp-block-list has-small-font-size\">\n<li>Beschwerderecht bei Aufsichtsbeh\u00f6rde: Sie haben das Recht, sich bei einer Aufsichtsbeh\u00f6rde zu beschweren (Artikel 77 DSGVO). In der Regel k\u00f6nnen Sie sich hierf\u00fcr an die Aufsichtsbeh\u00f6rde Ihres \u00fcblichen Aufenthaltsortes oder Arbeitsplatzes wenden. Die f\u00fcr mich zust\u00e4ndige Aufsichtsbeh\u00f6rde ist: <strong>Bayerische Landesbeauftragte f\u00fcr den Datenschutz<\/strong>, Prof. Dr. Thomas Petri, Postfach 22 12 19, 80502 M\u00fcnchen oder: Wagm\u00fcllerstr. 18, 80538 M\u00fcnchen, Tel.: 089\/21 26 72-0, E-Mail: poststelle@datenschutz-bayern.de<\/li>\n<\/ul>\n\n\n\n<h2 class=\"wp-block-heading\">Aktualit\u00e4t und \u00c4nderung dieser Datenschutzerkl\u00e4rung<\/h2>\n\n\n\n<p class=\"has-small-font-size\">Diese Datenschutzerkl\u00e4rung hat den Stand Mai 2018. Ich behalte mir vor, die Datenschutzerkl\u00e4rung zu aktualisieren, um den Datenschutz zu verbessern oder an ge\u00e4nderte beh\u00f6rdliche oder gerichtliche Vorgaben anzupassen. Die aktuelle Datenschutzerkl\u00e4rung kann jederzeit auf der Website unter <a href=\"https:\/\/rainerbartenschlager.de\/?page_id=151\">Datenschutz<\/a> abgerufen und ausgedruckt werden.<\/p>\n","protected":false},"excerpt":{"rendered":"<p>Ich nehme den Schutz Ihrer pers\u00f6nlichen Daten sehr ernst. Ich behandele Ihre personenbezogenen Daten vertraulich und entsprechend der gesetzlichen Datenschutzvorschriften sowie dieser Datenschutzerkl\u00e4rung. Ich m\u00f6chte [&#8230;]<\/p>\n","protected":false},"author":1,"featured_media":0,"parent":0,"menu_order":0,"comment_status":"closed","ping_status":"closed","template":"","meta":{"footnotes":""},"class_list":["post-151","page","type-page","status-publish","hentry"],"_links":{"self":[{"href":"https:\/\/rainerbartenschlager.de\/index.php?rest_route=\/wp\/v2\/pages\/151","targetHints":{"allow":["GET"]}}],"collection":[{"href":"https:\/\/rainerbartenschlager.de\/index.php?rest_route=\/wp\/v2\/pages"}],"about":[{"href":"https:\/\/rainerbartenschlager.de\/index.php?rest_route=\/wp\/v2\/types\/page"}],"author":[{"embeddable":true,"href":"https:\/\/rainerbartenschlager.de\/index.php?rest_route=\/wp\/v2\/users\/1"}],"replies":[{"embeddable":true,"href":"https:\/\/rainerbartenschlager.de\/index.php?rest_route=%2Fwp%2Fv2%2Fcomments&post=151"}],"version-history":[{"count":27,"href":"https:\/\/rainerbartenschlager.de\/index.php?rest_route=\/wp\/v2\/pages\/151\/revisions"}],"predecessor-version":[{"id":808,"href":"https:\/\/rainerbartenschlager.de\/index.php?rest_route=\/wp\/v2\/pages\/151\/revisions\/808"}],"wp:attachment":[{"href":"https:\/\/rainerbartenschlager.de\/index.php?rest_route=%2Fwp%2Fv2%2Fmedia&parent=151"}],"curies":[{"name":"wp","href":"https:\/\/api.w.org\/{rel}","templated":true}]}}