{"id":150,"date":"2022-11-08T23:16:58","date_gmt":"2022-11-08T22:16:58","guid":{"rendered":"https:\/\/rainerbartenschlager.de\/?page_id=150"},"modified":"2025-04-05T12:52:15","modified_gmt":"2025-04-05T10:52:15","slug":"impressum","status":"publish","type":"page","link":"https:\/\/rainerbartenschlager.de\/?page_id=150","title":{"rendered":"Impressum"},"content":{"rendered":"\n<div class=\"wp-block-columns is-layout-flex wp-container-core-columns-is-layout-9d6595d7 wp-block-columns-is-layout-flex\">\n<div class=\"wp-block-column is-layout-flow wp-block-column-is-layout-flow\">\n<p class=\"has-small-font-size\">Rainer Bartenschlager<br>Winthirstr. 19<br>80639 M\u00fcnchen<br>Telefon: 0151 1099 8479<br>E-Mail: <a href=\"mailto:rainer.bartenschlager@t-online.de\">rainer.bartenschlager@t-online.de<\/a><br>Gesetzliche Berufsbezeichnung:<br>Kinder- und Jugendlichenpsychotherapeut<br>(verliehen in der Bundesrepublik Deutschland)<\/p>\n<\/div>\n\n\n\n<div class=\"wp-block-column is-layout-flow wp-block-column-is-layout-flow\">\n<h2 class=\"wp-block-heading\"><strong>Zust\u00e4ndige Kammer (Aufsichtsbeh\u00f6rde)<\/strong><\/h2>\n\n\n\n<p class=\"has-small-font-size\">Psychotherapeutenkammer Bayern<br>Birketweg 30<br>80639 M\u00fcnchen<br><a rel=\"noreferrer noopener\" href=\"http:\/\/www.ptk-bayern.de\" target=\"_blank\">http:\/\/www.ptk-bayern.de<\/a><\/p>\n\n\n\n<h2 class=\"wp-block-heading\">Zust\u00e4ndige Kassen\u00e4rztliche Vereinigung<\/h2>\n\n\n\n<p class=\"has-small-font-size\">Kassen\u00e4rztliche Vereinigung Bayerns<br>Elsenheimerstr. 39<br>80687 M\u00fcnchen<br><a rel=\"noreferrer noopener\" href=\"http:\/\/www.kvb.de\" target=\"_blank\">http:\/\/www.kvb.de<\/a><\/p>\n<\/div>\n<\/div>\n\n\n\n<h2 class=\"wp-block-heading\"><strong>Berufsrechtliche Regelungen<\/strong><\/h2>\n\n\n\n<ul class=\"wp-block-list has-small-font-size\">\n<li>Gesetz \u00fcber die Berufe des Psychologischen Psychotherapeuten und des Kinder- und Jugendlichenpsychotherapeuten (<strong>Psychotherapeutengesetz<\/strong> &#8211; PsychThG)<br>Abrufbar z.B. unter <a rel=\"noreferrer noopener\" href=\"http:\/\/www.ptk-bayern.de\/ptk\/web.nsf\/id\/li_rechtsquellen.html\" target=\"_blank\">http:\/\/www.ptk-bayern.de\/ptk\/web.nsf\/id\/li_rechtsquellen.html<\/a><\/li>\n\n\n\n<li>Gesetz \u00fcber die Berufsaus\u00fcbung, die Berufsvertretungen und die Berufsgerichtsbarkeit der \u00c4rzte, Zahn\u00e4rzte, Tier\u00e4rzte, Apotheker sowie der Psychologischen Psychotherapeuten und der Kinder- und Jugendlichenpsychotherapeuten (<strong>Heilberufe-Kammergesetz<\/strong> &#8211; HKaG)<br>Abrufbar z.B. unter <a rel=\"noreferrer noopener\" href=\"http:\/\/www.ptk-bayern.de\/ptk\/web.nsf\/id\/li_rechtsquellen.html\" target=\"_blank\">http:\/\/www.ptk-bayern.de\/ptk\/web.nsf\/id\/li_rechtsquellen.html<\/a><\/li>\n\n\n\n<li><strong>Berufsordnung<\/strong> f\u00fcr die Psychotherapeutinnen und Psychotherapeuten Bayerns<br>Abrufbar z.B. unter <a rel=\"noreferrer noopener\" href=\"https:\/\/www.ptk-bayern.de\/ptk\/web.nsf\/id\/pa_mitglieder-berufsaufsicht.html\" target=\"_blank\">https:\/\/www.ptk-bayern.de\/ptk\/web.nsf\/id\/pa_mitglieder-berufsaufsicht.html<\/a><\/li>\n<\/ul>\n\n\n\n<h2 class=\"wp-block-heading\">Nachweis<\/h2>\n\n\n\n<ul class=\"wp-block-list has-small-font-size\">\n<li>Diese Homepage wurde mit dem WordPress-Theme: Harrison von <a href=\"https:\/\/themezee.com\/de\/themes\/harrison\/\" data-type=\"URL\" data-id=\"http:\/\/themezee\" target=\"_blank\" rel=\"noreferrer noopener nofollow\">ThemeZee<\/a> erstellt.<\/li>\n\n\n\n<li>Header-Bild: Photo by <a href=\"https:\/\/unsplash.com\/es\/@monaeendra?utm_source=unsplash&amp;utm_medium=referral&amp;utm_content=creditCopyText\" target=\"_blank\" rel=\"noreferrer noopener nofollow\">Mona Eendra<\/a> on <a href=\"https:\/\/unsplash.com\/photos\/vC8wj_Kphak?utm_source=unsplash&amp;utm_medium=referral&amp;utm_content=creditCopyText\" target=\"_blank\" rel=\"noreferrer noopener nofollow\">Unsplash<\/a><\/li>\n\n\n\n<li>Die Zeichnungen der Kinder sind entstanden bei Kunstworkshops des K\u00fcnstlers <a rel=\"noreferrer noopener nofollow\" href=\"https:\/\/oberhuemer.com\/index.php?kuk\" target=\"_blank\">Christopher Oberhuemer<\/a> mit Kindern der st\u00e4dtischen Kindertageseinrichtung, Rheinstr. 12, 80803 M\u00fcnchen (jetzt st\u00e4dtisches Haus f\u00fcr Kinder, Birkenfeldstr. 1, 80804 M\u00fcnchen) in den Jahren 2000 bis 2015.<\/li>\n<\/ul>\n\n\n\n<h2 class=\"wp-block-heading\">Haftung f\u00fcr Links<\/h2>\n\n\n\n<p class=\"has-small-font-size\">F\u00fcr die Inhalte der verlinkten Seiten ist stets der jeweilige Anbieter oder Betreiber der Seiten verantwortlich. Die verlinkten Seiten wurden zum Zeitpunkt der Verlinkung auf m\u00f6gliche Rechtsverst\u00f6\u00dfe \u00fcberpr\u00fcft. Rechtswidrige Inhalte waren zum Zeitpunkt der Verlinkung nicht erkennbar. Eine permanente inhaltliche Kontrolle der verlinkten Seiten ist jedoch ohne konkrete Anhaltspunkte einer Rechtsverletzung nicht zumutbar.<\/p>\n\n\n\n<h2 class=\"wp-block-heading\">Urheberrecht<\/h2>\n\n\n\n<p class=\"has-small-font-size\">Die durch die Seitenbetreiber erstellten Inhalte und Werke auf diesen Seiten unterliegen dem deutschen Urheberrecht. Soweit die Inhalte auf dieser Seite nicht vom Betreiber erstellt wurden, werden die Urheberrechte Dritter beachtet. Insbesondere werden Inhalte Dritter als solche gekennzeichnet. Sollten Sie trotzdem auf eine Urheberrechtsverletzung aufmerksam werden, bitten wir um einen entsprechenden Hinweis. Bei Bekanntwerden von Rechtsverletzungen werden wir derartige Inhalte umgehend entfernen.<\/p>\n","protected":false},"excerpt":{"rendered":"<p>Rainer BartenschlagerWinthirstr. 1980639 M\u00fcnchenTelefon: 0151 1099 8479E-Mail: rainer.bartenschlager@t-online.deGesetzliche Berufsbezeichnung:Kinder- und Jugendlichenpsychotherapeut(verliehen in der Bundesrepublik Deutschland) Zust\u00e4ndige Kammer (Aufsichtsbeh\u00f6rde) Psychotherapeutenkammer BayernBirketweg 3080639 M\u00fcnchenhttp:\/\/www.ptk-bayern.de Zust\u00e4ndige Kassen\u00e4rztliche Vereinigung [&#8230;]<\/p>\n","protected":false},"author":1,"featured_media":0,"parent":0,"menu_order":0,"comment_status":"closed","ping_status":"closed","template":"","meta":{"footnotes":""},"class_list":["post-150","page","type-page","status-publish","hentry"],"_links":{"self":[{"href":"https:\/\/rainerbartenschlager.de\/index.php?rest_route=\/wp\/v2\/pages\/150","targetHints":{"allow":["GET"]}}],"collection":[{"href":"https:\/\/rainerbartenschlager.de\/index.php?rest_route=\/wp\/v2\/pages"}],"about":[{"href":"https:\/\/rainerbartenschlager.de\/index.php?rest_route=\/wp\/v2\/types\/page"}],"author":[{"embeddable":true,"href":"https:\/\/rainerbartenschlager.de\/index.php?rest_route=\/wp\/v2\/users\/1"}],"replies":[{"embeddable":true,"href":"https:\/\/rainerbartenschlager.de\/index.php?rest_route=%2Fwp%2Fv2%2Fcomments&post=150"}],"version-history":[{"count":23,"href":"https:\/\/rainerbartenschlager.de\/index.php?rest_route=\/wp\/v2\/pages\/150\/revisions"}],"predecessor-version":[{"id":807,"href":"https:\/\/rainerbartenschlager.de\/index.php?rest_route=\/wp\/v2\/pages\/150\/revisions\/807"}],"wp:attachment":[{"href":"https:\/\/rainerbartenschlager.de\/index.php?rest_route=%2Fwp%2Fv2%2Fmedia&parent=150"}],"curies":[{"name":"wp","href":"https:\/\/api.w.org\/{rel}","templated":true}]}}