{"id":140,"date":"2022-11-08T23:16:58","date_gmt":"2022-11-08T22:16:58","guid":{"rendered":"https:\/\/rainerbartenschlager.de\/?page_id=140"},"modified":"2026-01-06T19:12:20","modified_gmt":"2026-01-06T18:12:20","slug":"startseite","status":"publish","type":"page","link":"https:\/\/rainerbartenschlager.de\/","title":{"rendered":"Startseite"},"content":{"rendered":"\n<div class=\"wp-block-columns alignfull is-layout-flex wp-container-core-columns-is-layout-9d6595d7 wp-block-columns-is-layout-flex\">\n<div class=\"wp-block-column is-layout-flow wp-block-column-is-layout-flow\" style=\"flex-basis:50%\">\n<div class=\"wp-block-cover is-light\" style=\"min-height:600px;aspect-ratio:unset;\"><span aria-hidden=\"true\" class=\"wp-block-cover__background has-background-dim-100 has-background-dim\" style=\"background-color:#f6f6f6\"><\/span><div class=\"wp-block-cover__inner-container is-layout-flow wp-block-cover-is-layout-flow\"><div class=\"wp-block-image\">\n<figure class=\"aligncenter size-full\"><img loading=\"lazy\" decoding=\"async\" width=\"263\" height=\"300\" src=\"https:\/\/rainerbartenschlager.de\/wp-content\/uploads\/passbild2.jpg\" alt=\"Rainer Bartenschlager\" class=\"wp-image-302\"\/><figcaption class=\"wp-element-caption\">Rainer Bartenschlager, Kinder- und Jugendlichenpsychotherapeut<\/figcaption><\/figure>\n<\/div><\/div><\/div>\n<\/div>\n\n\n\n<div class=\"wp-block-column is-vertically-aligned-top is-layout-flow wp-block-column-is-layout-flow\" style=\"padding-top:1em;padding-right:1em;padding-bottom:1em;padding-left:1em\">\n<div class=\"wp-block-columns is-layout-flex wp-container-core-columns-is-layout-9d6595d7 wp-block-columns-is-layout-flex\">\n<div class=\"wp-block-column is-layout-flow wp-block-column-is-layout-flow\" style=\"flex-basis:320px\">\n<h2 class=\"wp-block-heading has-text-align-center\"><strong>Verhaltenstherapie f\u00fcr Kinder, Jugendliche und junge Erwachsene<br>bis 21 Jahr<\/strong>e<\/h2>\n\n\n\n<p class=\"has-small-font-size\">Als approbierter Kinder- und Jugendlichenpsychotherapeut biete ich in der<\/p>\n\n\n\n<p class=\"has-text-align-center has-tertiary-color has-text-color has-small-font-size\"><strong>Psychotherapeutischen Praxis<br>Winthirstr. 19<br>80639 M\u00fcnchen<\/strong><\/p>\n\n\n\n<p class=\"has-small-font-size\">Verhaltenstherapie an. Die Verhaltenstherapie wird von den gesetzlichen und den privaten Krankenkassen anerkannt und verg\u00fctet.<\/p>\n<\/div>\n<\/div>\n<\/div>\n<\/div>\n\n\n\n<p class=\"has-small-font-size\">Die Psychotherapie von Kindern und Jugendlichen ist eine eigenst\u00e4ndige Therapie, die besondere Qualifikationen erfordert. Die Verhaltenstherapie von Kindern und Jugendlichen blickt auf eine langj\u00e4hrige Tradition zur\u00fcck.<\/p>\n\n\n\n<hr class=\"wp-block-separator has-css-opacity is-style-default\"\/>\n\n\n\n<blockquote class=\"wp-block-quote has-text-align-center is-style-large has-small-font-size is-layout-flow wp-block-quote-is-layout-flow\">\n<p class=\"has-small-font-size\">\u201eVer\u00e4nderungen f\u00fchren deutlich \u00f6fter zu Einsichten, als dass Einsichten zu Ver\u00e4nderungen f\u00fchren.\u201c<\/p>\n<cite>\u2013 Milton H. Erickson<\/cite><\/blockquote>\n\n\n\n<hr class=\"wp-block-separator has-css-opacity is-style-default\"\/>\n\n\n\n<p class=\"has-small-font-size\">Das Leben stellt jeden Einzelnen vor Herausforderungen und Probleme. Wenn Menschen ihre Probleme allein nicht mehr l\u00f6sen k\u00f6nnen, nehmen sie Psychotherapie in Anspruch. Das therapeutische Ziel ist es, Menschen wieder in die Lage zu versetzen, mit ihren Problemen umzugehen und die allt\u00e4glichen Herausforderungen des Lebens eigenst\u00e4ndig zu bew\u00e4ltigen. Dies wird in der Psychotherapie durch den R\u00fcckgriff auf die individuellen St\u00e4rken und F\u00e4higkeiten der Menschen erreicht. Psychotherapie ist um so erfolgreicher, je besser es gelingt, in der Therapie eine wertsch\u00e4tzende und vertrauensvolle therapeutische Allianz zu bilden.<\/p>\n","protected":false},"excerpt":{"rendered":"<p>Verhaltenstherapie f\u00fcr Kinder, Jugendliche und junge Erwachsenebis 21 Jahre Als approbierter Kinder- und Jugendlichenpsychotherapeut biete ich in der Psychotherapeutischen PraxisWinthirstr. 1980639 M\u00fcnchen Verhaltenstherapie an. Die [&#8230;]<\/p>\n","protected":false},"author":1,"featured_media":0,"parent":0,"menu_order":0,"comment_status":"closed","ping_status":"closed","template":"templates\/template-no-title.php","meta":{"footnotes":""},"class_list":["post-140","page","type-page","status-publish","hentry"],"_links":{"self":[{"href":"https:\/\/rainerbartenschlager.de\/index.php?rest_route=\/wp\/v2\/pages\/140","targetHints":{"allow":["GET"]}}],"collection":[{"href":"https:\/\/rainerbartenschlager.de\/index.php?rest_route=\/wp\/v2\/pages"}],"about":[{"href":"https:\/\/rainerbartenschlager.de\/index.php?rest_route=\/wp\/v2\/types\/page"}],"author":[{"embeddable":true,"href":"https:\/\/rainerbartenschlager.de\/index.php?rest_route=\/wp\/v2\/users\/1"}],"replies":[{"embeddable":true,"href":"https:\/\/rainerbartenschlager.de\/index.php?rest_route=%2Fwp%2Fv2%2Fcomments&post=140"}],"version-history":[{"count":38,"href":"https:\/\/rainerbartenschlager.de\/index.php?rest_route=\/wp\/v2\/pages\/140\/revisions"}],"predecessor-version":[{"id":818,"href":"https:\/\/rainerbartenschlager.de\/index.php?rest_route=\/wp\/v2\/pages\/140\/revisions\/818"}],"wp:attachment":[{"href":"https:\/\/rainerbartenschlager.de\/index.php?rest_route=%2Fwp%2Fv2%2Fmedia&parent=140"}],"curies":[{"name":"wp","href":"https:\/\/api.w.org\/{rel}","templated":true}]}}