{"id":139,"date":"2022-11-08T23:16:58","date_gmt":"2022-11-08T22:16:58","guid":{"rendered":"https:\/\/rainerbartenschlager.de\/?page_id=139"},"modified":"2024-09-19T13:54:11","modified_gmt":"2024-09-19T11:54:11","slug":"downloads","status":"publish","type":"page","link":"https:\/\/rainerbartenschlager.de\/?page_id=139","title":{"rendered":"Downloads"},"content":{"rendered":"\n<h2 class=\"wp-block-heading\">Formulare<\/h2>\n\n\n\n<div class=\"wp-block-cover aligncenter is-light\" style=\"min-height:200px;aspect-ratio:unset;\"><span aria-hidden=\"true\" class=\"wp-block-cover__background has-background-dim-100 has-background-dim\" style=\"background-color:#f6f6f6\"><\/span><div class=\"wp-block-cover__inner-container is-layout-flow wp-block-cover-is-layout-flow\">\n<div class=\"wp-block-buttons is-vertical is-content-justification-center is-nowrap is-layout-flex wp-container-core-buttons-is-layout-c4d48c2a wp-block-buttons-is-layout-flex\">\n<div class=\"wp-block-button has-custom-width wp-block-button__width-100 is-style-fill\"><a class=\"wp-block-button__link wp-element-button\" href=\"https:\/\/rainerbartenschlager.de\/wp-content\/uploads\/Anmeldebogen.pdf\" style=\"border-radius:40px\" target=\"_blank\" rel=\"noreferrer noopener\">Anmeldebogen<\/a><\/div>\n<\/div>\n\n\n\n<div class=\"wp-block-buttons is-vertical is-content-justification-center is-nowrap is-layout-flex wp-container-core-buttons-is-layout-c4d48c2a wp-block-buttons-is-layout-flex\">\n<div class=\"wp-block-button has-custom-width wp-block-button__width-100 is-style-fill\"><a class=\"wp-block-button__link wp-element-button\" href=\"https:\/\/rainerbartenschlager.de\/wp-content\/uploads\/Einverstaendnis_Sorgeberechtigte.pdf\" style=\"border-radius:40px\" target=\"_blank\" rel=\"noreferrer noopener\">Einverst\u00e4ndniserkl\u00e4rung<\/a><\/div>\n<\/div>\n\n\n\n<div class=\"wp-block-buttons is-vertical is-content-justification-center is-nowrap is-layout-flex wp-container-core-buttons-is-layout-c4d48c2a wp-block-buttons-is-layout-flex\">\n<div class=\"wp-block-button has-custom-width wp-block-button__width-100\"><a class=\"wp-block-button__link wp-element-button\" href=\"https:\/\/rainerbartenschlager.de\/wp-content\/uploads\/Schweigepflichtsentbindung.pdf\" style=\"border-radius:40px\" target=\"_blank\" rel=\"noreferrer noopener\">Schweigepflichtentbindung<\/a><\/div>\n<\/div>\n<\/div><\/div>\n\n\n\n<div style=\"height:25px\" aria-hidden=\"true\" class=\"wp-block-spacer\"><\/div>\n\n\n\n<h2 class=\"wp-block-heading\">Fragebogen zur Lebensgeschichte<\/h2>\n\n\n\n<div class=\"wp-block-cover aligncenter is-light\" style=\"min-height:400px;aspect-ratio:unset;\"><span aria-hidden=\"true\" class=\"wp-block-cover__background has-background-dim-100 has-background-dim\" style=\"background-color:#f6f6f6\"><\/span><div class=\"wp-block-cover__inner-container is-layout-flow wp-block-cover-is-layout-flow\">\n<div class=\"wp-block-buttons is-vertical is-content-justification-center is-nowrap is-layout-flex wp-container-core-buttons-is-layout-c4d48c2a wp-block-buttons-is-layout-flex\">\n<div class=\"wp-block-button has-custom-width wp-block-button__width-100 is-style-fill\"><a class=\"wp-block-button__link wp-element-button\" href=\"https:\/\/rainerbartenschlager.de\/wp-content\/uploads\/FLG_Jugendliche.pdf\" style=\"border-radius:40px\" target=\"_blank\" rel=\"noreferrer noopener\">Jugendliche<\/a><\/div>\n<\/div>\n\n\n\n<div class=\"wp-block-buttons is-vertical is-content-justification-center is-nowrap is-layout-flex wp-container-core-buttons-is-layout-c4d48c2a wp-block-buttons-is-layout-flex\">\n<div class=\"wp-block-button has-custom-width wp-block-button__width-100\"><a class=\"wp-block-button__link wp-element-button\" href=\"https:\/\/rainerbartenschlager.de\/wp-content\/uploads\/FLG_Jugendliche_Eltern.pdf\" style=\"border-radius:40px\" target=\"_blank\" rel=\"noreferrer noopener\">Eltern von Jugendlichen<\/a><\/div>\n<\/div>\n\n\n\n<div class=\"wp-block-buttons is-vertical is-content-justification-center is-nowrap is-layout-flex wp-container-core-buttons-is-layout-c4d48c2a wp-block-buttons-is-layout-flex\">\n<div class=\"wp-block-button has-custom-width wp-block-button__width-100\"><a class=\"wp-block-button__link wp-element-button\" href=\"https:\/\/rainerbartenschlager.de\/wp-content\/uploads\/FLG_Kinder.pdf\" style=\"border-radius:40px\" target=\"_blank\" rel=\"noreferrer noopener\">Kinder<\/a><\/div>\n<\/div>\n\n\n\n<div class=\"wp-block-buttons is-vertical is-content-justification-center is-nowrap is-layout-flex wp-container-core-buttons-is-layout-c4d48c2a wp-block-buttons-is-layout-flex\">\n<div class=\"wp-block-button has-custom-width wp-block-button__width-100\"><a class=\"wp-block-button__link wp-element-button\" href=\"https:\/\/rainerbartenschlager.de\/wp-content\/uploads\/FLG_Kinder_Eltern.pdf\" style=\"border-radius:40px\" target=\"_blank\" rel=\"noreferrer noopener\">Eltern von Kindern<\/a><\/div>\n<\/div>\n<\/div><\/div>\n\n\n\n<div style=\"height:25px\" aria-hidden=\"true\" class=\"wp-block-spacer\"><\/div>\n\n\n\n<h2 class=\"wp-block-heading\">weiterf\u00fchrende Links<\/h2>\n\n\n\n<p class=\"has-small-font-size\">Auf der Webseite <strong><em>Elternratgeber Psychotherapie<\/em><\/strong> der Bundespsychotherapeutenkammer (BPtK) finden Eltern Informationen, wie sie ihren Kindern bei psychischen Problemen helfen k\u00f6nnen: <a rel=\"noreferrer noopener\" href=\"https:\/\/www.elternratgeber-psychotherapie.de\/\" data-type=\"URL\" target=\"_blank\">www.elternratgeber-psychotherapie.de<\/a><\/p>\n\n\n\n<p class=\"has-small-font-size\"><strong><em><a rel=\"noreferrer noopener\" href=\"https:\/\/www.gefuehle-fetzen.net\/\" target=\"_blank\">GeF\u00fchle fetzen<\/a><\/em><\/strong> ist eine <strong><em>Informationsseite f\u00fcr Jugendliche<\/em><\/strong>. Die Seiten von <a rel=\"noreferrer noopener\" href=\"https:\/\/www.gefuehle-fetzen.net\/\" target=\"_blank\">gefuehle-fetzen.net<\/a> sind ein Internetangebot der Bundespsychotherapeutenkammer (BPtK). <\/p>\n\n\n\n<p class=\"has-small-font-size\">Dar\u00fcber reden hilft \u2013 <strong><em>Nummer gegen Kummer <\/em><\/strong>&#8211; Das <a rel=\"noreferrer noopener\" href=\"http:\/\/nummergegenkummer.de\/kinder-und-jugendberatung\/kinder-und-jugendtelefon\/\" target=\"_blank\">Kinder- und Jugendtelefon<\/a>: <strong>116 111 <\/strong>&#8211; kostenlose telefonische Beratung. Der Deutsche Kinderschutzbund unterst\u00fctzt die Arbeit von Nummer gegen Kummer e.V. Mit zum Verein geh\u00f6rt das <a href=\"http:\/\/nummergegenkummer.de\/elternberatung\/elterntelefon\/\" target=\"_blank\" rel=\"noreferrer noopener\">Elterntelefon<\/a> Tel.: <strong>0800 111 0 550<\/strong>.<\/p>\n\n\n\n<p class=\"has-small-font-size\"><strong><em>Infoportal zur Depression<\/em><\/strong> und psychischen Gesundheit bei Kindern und Jugendlichen \u2013 <strong><em><a href=\"https:\/\/www.ich-bin-alles.de\/\" target=\"_blank\" rel=\"noreferrer noopener\">ich bin alles<\/a><\/em><\/strong>. Das Infoportal <a href=\"https:\/\/www.ich-bin-alles.de\/\" target=\"_blank\" rel=\"noreferrer noopener\">ich bin alles<\/a> wurde von der Klinik und Poliklinik f\u00fcr Kinder- und Jugendpsychiatrie, Psychosomatik und Psychotherapie des LMU Klinikums M\u00fcnchen in Partnerschaft mit der Beisheim Stiftung entwickelt.<\/p>\n\n\n\n<p class=\"has-small-font-size\"><strong><em>Informationsportal zur Medienkompetenz<\/em><\/strong> und psychischen Gesundheit bei Kindern und Jugendlichen \u2013 <strong><em><a href=\"https:\/\/www.klicksafe.de\/\" target=\"_blank\" rel=\"noreferrer noopener\">klicksafe<\/a><\/em><\/strong>. Die EU-Initiative <a href=\"https:\/\/www.klicksafe.de\/\" target=\"_blank\" rel=\"noreferrer noopener\">klicksafe<\/a> hat zum Ziel, die Online-Kompetenz der Menschen zu f\u00f6rdern und sie mit vielf\u00e4ltigen Angeboten beim kompetenten und kritischen Umgang mit dem Internet zu unterst\u00fctzen.<\/p>\n","protected":false},"excerpt":{"rendered":"<p>Formulare Fragebogen zur Lebensgeschichte weiterf\u00fchrende Links Auf der Webseite Elternratgeber Psychotherapie der Bundespsychotherapeutenkammer (BPtK) finden Eltern Informationen, wie sie ihren Kindern bei psychischen Problemen helfen [&#8230;]<\/p>\n","protected":false},"author":1,"featured_media":0,"parent":0,"menu_order":0,"comment_status":"closed","ping_status":"closed","template":"","meta":{"footnotes":""},"class_list":["post-139","page","type-page","status-publish","hentry"],"_links":{"self":[{"href":"https:\/\/rainerbartenschlager.de\/index.php?rest_route=\/wp\/v2\/pages\/139","targetHints":{"allow":["GET"]}}],"collection":[{"href":"https:\/\/rainerbartenschlager.de\/index.php?rest_route=\/wp\/v2\/pages"}],"about":[{"href":"https:\/\/rainerbartenschlager.de\/index.php?rest_route=\/wp\/v2\/types\/page"}],"author":[{"embeddable":true,"href":"https:\/\/rainerbartenschlager.de\/index.php?rest_route=\/wp\/v2\/users\/1"}],"replies":[{"embeddable":true,"href":"https:\/\/rainerbartenschlager.de\/index.php?rest_route=%2Fwp%2Fv2%2Fcomments&post=139"}],"version-history":[{"count":42,"href":"https:\/\/rainerbartenschlager.de\/index.php?rest_route=\/wp\/v2\/pages\/139\/revisions"}],"predecessor-version":[{"id":786,"href":"https:\/\/rainerbartenschlager.de\/index.php?rest_route=\/wp\/v2\/pages\/139\/revisions\/786"}],"wp:attachment":[{"href":"https:\/\/rainerbartenschlager.de\/index.php?rest_route=%2Fwp%2Fv2%2Fmedia&parent=139"}],"curies":[{"name":"wp","href":"https:\/\/api.w.org\/{rel}","templated":true}]}}