{"id":137,"date":"2022-11-08T23:16:58","date_gmt":"2022-11-08T22:16:58","guid":{"rendered":"https:\/\/rainerbartenschlager.de\/?page_id=137"},"modified":"2025-08-19T11:52:28","modified_gmt":"2025-08-19T09:52:28","slug":"ueber-mich","status":"publish","type":"page","link":"https:\/\/rainerbartenschlager.de\/?page_id=137","title":{"rendered":"\u00dcber mich"},"content":{"rendered":"\n<blockquote class=\"wp-block-quote has-text-align-center is-style-large has-small-font-size is-layout-flow wp-block-quote-is-layout-flow\">\n<p class=\"has-small-font-size\">\u201e \u2026 der Sinn des Lebens ist es, sich lebendig zu f\u00fchlen.&#8220;<\/p>\n<cite>\u2013 Josef Campbell<\/cite><\/blockquote>\n\n\n\n<div class=\"wp-block-group has-black-color has-text-color has-background\" style=\"background-color:#f6f6f6;margin-top:0px;margin-bottom:0px;padding-top:50px;padding-right:50px;padding-bottom:50px;padding-left:50px\"><div class=\"wp-block-group__inner-container is-layout-constrained wp-container-core-group-is-layout-23ced83e wp-block-group-is-layout-constrained\">\n<div class=\"wp-block-columns is-layout-flex wp-container-core-columns-is-layout-9d6595d7 wp-block-columns-is-layout-flex\">\n<div class=\"wp-block-column is-layout-flow wp-block-column-is-layout-flow\">\n<h2 class=\"wp-block-heading has-black-color has-text-color\" style=\"margin-top:0px;margin-right:0px;margin-bottom:15px;margin-left:0px;font-size:26px;font-style:normal;font-weight:700;line-height:1\">Ausbildung<\/h2>\n\n\n\n<div class=\"wp-block-group has-black-color has-text-color is-content-justification-center\" style=\"border-bottom-color:#313131;border-bottom-width:1px;margin-top:0px;margin-bottom:0px;padding-top:25px;padding-right:30px;padding-bottom:25px;padding-left:30px\"><div class=\"wp-block-group__inner-container is-layout-constrained wp-container-core-group-is-layout-2926e442 wp-block-group-is-layout-constrained\">\n<h5 class=\"wp-block-heading has-black-color has-text-color has-medium-font-size\" style=\"margin-top:0px;margin-right:0px;margin-bottom:8px;margin-left:0px;font-style:normal;font-weight:500;line-height:1\">Kinder- und Jugendlichen-psychotherapeut<\/h5>\n\n\n\n<p class=\"has-black-color has-text-color\" style=\"margin-top:0px;margin-right:0px;margin-bottom:15px;margin-left:0px;font-size:14px;line-height:1\">Arbeitsgemeinschaft f\u00fcr Verhaltensmodifikation gGmbH, Kaiserstra\u00dfe 14, 80801 M\u00fcnchen \/ 2014 &#8211; 2020<\/p>\n\n\n\n<p class=\"has-black-color has-text-color\" style=\"margin-top:0px;margin-right:0px;margin-bottom:0px;margin-left:0px;font-size:14px;line-height:1\">Fachkunde: Verhaltenstherapie mit Kindern, Jugendlichen und jungen Erwachsenen<\/p>\n<\/div><\/div>\n\n\n\n<div class=\"wp-block-group has-black-color has-text-color\" style=\"border-bottom-color:#313131;border-bottom-width:1px;margin-top:0px;margin-bottom:0px;padding-top:25px;padding-right:30px;padding-bottom:25px;padding-left:30px\"><div class=\"wp-block-group__inner-container is-layout-constrained wp-container-core-group-is-layout-23e2711c wp-block-group-is-layout-constrained\">\n<h5 class=\"wp-block-heading has-black-color has-text-color has-medium-font-size\" style=\"margin-top:0px;margin-right:0px;margin-bottom:8px;margin-left:0px;font-style:normal;font-weight:500;line-height:1\">Potentialorientierte Psychotherapie<\/h5>\n\n\n\n<p class=\"has-black-color has-text-color\" style=\"margin-top:0px;margin-right:0px;margin-bottom:15px;margin-left:0px;font-size:14px;line-height:1\">Dr. Wolf B\u00fcntig,\nZIST gemeinn\u00fctzige GmbH, Zist 1, 82377 Penzberg \/ 2006 &#8211; 2008<\/p>\n\n\n\n<p class=\"has-black-color has-text-color\" style=\"margin-top:0px;margin-right:0px;margin-bottom:0px;margin-left:0px;font-size:14px;line-height:1\">Die Weiterbildung umfasste an 90 Tagen insgesamt 540 ganze Stunden beziehungsweise 720 Einheiten \u00e0 45 Minuten Grundlagen der Psychotherapie inklusive 140 Stunden tiefenpsychologisch fundierte Gruppenselbsterfahrung.<\/p>\n<\/div><\/div>\n\n\n\n<div class=\"wp-block-group has-black-color has-text-color\" style=\"border-bottom-color:#313131;border-bottom-width:1px;margin-top:0px;margin-bottom:0px;padding-top:25px;padding-right:30px;padding-bottom:25px;padding-left:30px\"><div class=\"wp-block-group__inner-container is-layout-constrained wp-container-core-group-is-layout-23e2711c wp-block-group-is-layout-constrained\">\n<h5 class=\"wp-block-heading has-black-color has-text-color has-medium-font-size\" style=\"margin-top:0px;margin-right:0px;margin-bottom:8px;margin-left:0px;font-style:normal;font-weight:500;line-height:1\">Diplom-Sozialp\u00e4dagoge (FH)<\/h5>\n\n\n\n<p class=\"has-black-color has-text-color\" style=\"margin-top:0px;margin-right:0px;margin-bottom:15px;margin-left:0px;font-size:14px;line-height:1\">Katholische Stiftungsfachhochschule, M\u00fcnchen \/ 2000 &#8211; 2005<\/p>\n\n\n\n<p class=\"has-black-color has-text-color\" style=\"margin-top:0px;margin-right:0px;margin-bottom:0px;margin-left:0px;font-size:14px;line-height:1\">berufsbegleitendes Studium: \u00bbSoziale Arbeit\u00ab<\/p>\n<\/div><\/div>\n\n\n\n<div class=\"wp-block-group has-black-color has-text-color\" style=\"border-bottom-color:#313131;border-bottom-width:1px;margin-top:0px;margin-bottom:0px;padding-top:25px;padding-right:30px;padding-bottom:25px;padding-left:30px\"><div class=\"wp-block-group__inner-container is-layout-constrained wp-container-core-group-is-layout-23e2711c wp-block-group-is-layout-constrained\">\n<h5 class=\"wp-block-heading has-black-color has-text-color has-medium-font-size\" style=\"margin-top:0px;margin-right:0px;margin-bottom:8px;margin-left:0px;font-style:normal;font-weight:500;line-height:1\">staatlich gepr\u00fcfter Erzieher<\/h5>\n\n\n\n<p class=\"has-black-color has-text-color\" style=\"margin-top:0px;margin-right:0px;margin-bottom:15px;margin-left:0px;font-size:14px;line-height:1\">st\u00e4dtische Fachakademie f\u00fcr Sozialp\u00e4dagogik, M\u00fcnchen \/ 1993 &#8211; 1997<\/p>\n\n\n\n<p class=\"has-black-color has-text-color\" style=\"margin-top:0px;margin-right:0px;margin-bottom:0px;margin-left:0px;font-size:14px;line-height:1\">Anerkennungsjahr im Jugendheim Pasing mit m\u00e4nnlichen Jugendlichen im Alter von 12 bis 18 Jahren \/ 1996 &#8211; 1997<\/p>\n<\/div><\/div>\n\n\n\n<div class=\"wp-block-group\" style=\"margin-top:0px;margin-bottom:0px;padding-top:25px;padding-right:30px;padding-bottom:25px;padding-left:30px\"><div class=\"wp-block-group__inner-container is-layout-constrained wp-container-core-group-is-layout-23e2711c wp-block-group-is-layout-constrained\">\n<h5 class=\"wp-block-heading has-black-color has-text-color has-medium-font-size\" style=\"margin-top:0px;margin-right:0px;margin-bottom:8px;margin-left:0px;font-style:normal;font-weight:500;line-height:1\">G\u00e4rtnergeselle<\/h5>\n\n\n\n<p class=\"has-black-color has-text-color\" style=\"margin-top:0px;margin-right:0px;margin-bottom:15px;margin-left:0px;font-size:14px;line-height:1\">Ausbildungsbetrieb, Fa. Alfons Hartmann, Augsburg \/ 1982 &#8211; 1986<\/p>\n\n\n\n<p class=\"has-black-color has-text-color\" style=\"margin-top:0px;margin-right:0px;margin-bottom:0px;margin-left:0px;font-size:14px;line-height:1\">Ausbildung zum G\u00e4rtner, Schwerpunkt: Gem\u00fcsebau, Landwirtschaftsjahr, Biobauernhof Christoph Spring, Unterostendorf \/ 1982 &#8211; 1983<\/p>\n<\/div><\/div>\n<\/div>\n\n\n\n<div class=\"wp-block-column is-layout-flow wp-block-column-is-layout-flow\">\n<h2 class=\"wp-block-heading has-black-color has-text-color\" style=\"margin-top:0px;margin-right:0px;margin-bottom:15px;margin-left:0px;font-size:26px;font-style:normal;font-weight:700;line-height:1\">Erfahrung<\/h2>\n\n\n\n<div class=\"wp-block-group\" style=\"border-bottom-color:#313131;border-bottom-width:1px;margin-top:0px;margin-bottom:0px;padding-top:25px;padding-right:30px;padding-bottom:25px;padding-left:30px\"><div class=\"wp-block-group__inner-container is-layout-constrained wp-container-core-group-is-layout-42a16ed6 wp-block-group-is-layout-constrained\">\n<h5 class=\"wp-block-heading has-black-color has-text-color has-medium-font-size\" style=\"margin-top:0px;margin-right:0px;margin-bottom:8px;margin-left:0px;font-style:normal;font-weight:500;line-height:1\">Kinder- und Jugendlichen-psychotherapeut<\/h5>\n\n\n\n<p class=\"has-black-color has-text-color\" style=\"margin-top:0px;margin-right:0px;margin-bottom:15px;margin-left:0px;font-size:14px;line-height:1\">Praxis f\u00fcr Psychotherapie, Winthirstr. 19, 80639 M\u00fcnchen \/ selbstst\u00e4ndig t\u00e4tig seit 01.01.2023<\/p>\n\n\n\n<p class=\"has-black-color has-text-color\" style=\"margin-top:0px;margin-right:0px;margin-bottom:0px;margin-left:0px;font-size:14px;line-height:1\">Zulassung durch die Kassen\u00e4rztliche Vereinigung Bayern (KVB), Teilhabe am kassen\u00e4rztlichen Versorgungssysthem.<\/p>\n<\/div><\/div>\n\n\n\n<div class=\"wp-block-group\" style=\"border-bottom-color:#313131;border-bottom-width:1px;margin-top:0px;margin-bottom:0px;padding-top:25px;padding-right:30px;padding-bottom:25px;padding-left:30px\"><div class=\"wp-block-group__inner-container is-layout-constrained wp-container-core-group-is-layout-42a16ed6 wp-block-group-is-layout-constrained\">\n<h5 class=\"wp-block-heading has-black-color has-text-color has-medium-font-size\" style=\"margin-top:0px;margin-right:0px;margin-bottom:8px;margin-left:0px;font-style:normal;font-weight:500;line-height:1\">Kinder- und Jugendlichen-psychotherapeut<\/h5>\n\n\n\n<p class=\"has-black-color has-text-color\" style=\"margin-top:0px;margin-right:0px;margin-bottom:15px;margin-left:0px;font-size:14px;line-height:1\">Praxis Mona Metschberger, Leopoldstr. 52, 80802 M\u00fcnchen \/ 2020 &#8211; 2022<\/p>\n\n\n\n<p class=\"has-black-color has-text-color\" style=\"margin-top:0px;margin-right:0px;margin-bottom:0px;margin-left:0px;font-size:14px;line-height:1\">Sicherstellungsassistenz<\/p>\n<\/div><\/div>\n\n\n\n<div class=\"wp-block-group\" style=\"border-bottom-color:#313131;border-bottom-width:1px;margin-top:0px;margin-bottom:0px;padding-top:25px;padding-right:30px;padding-bottom:25px;padding-left:30px\"><div class=\"wp-block-group__inner-container is-layout-constrained wp-container-core-group-is-layout-42a16ed6 wp-block-group-is-layout-constrained\">\n<h5 class=\"wp-block-heading has-black-color has-text-color has-medium-font-size\" style=\"margin-top:0px;margin-right:0px;margin-bottom:8px;margin-left:0px;font-style:normal;font-weight:500;line-height:1\">Bezirkssozialarbeit<\/h5>\n\n\n\n<p class=\"has-black-color has-text-color\" style=\"margin-top:0px;margin-right:0px;margin-bottom:15px;margin-left:0px;font-size:14px;line-height:1\">Sozialb\u00fcrgerhaus, Pasing, Laim\/Schwanthalerh\u00f6he und Berg am Laim\/Trudering\/Riem, M\u00fcnchen \/ 2006 &#8211; 2022<\/p>\n\n\n\n<p class=\"has-black-color has-text-color\" style=\"margin-top:0px;margin-right:0px;margin-bottom:0px;margin-left:0px;font-size:14px;line-height:1\">Beratung und Unterst\u00fctzung von Erwachsenen und Familien in pers\u00f6nlichen und\nwirtschaftlichen Notsituationen, bei Lebenskrisen und psychischen Belastungen, bei Partner- und Erziehungsproblemen. Vermittlung von Hilfen nach dem SGB VIII, u. a. ambulante, teilstation\u00e4re und station\u00e4re Jugendhilfe. Einleitung von Schutzma\u00dfnahmen f\u00fcr Kinder, Jugendliche und Erwachsene, bei Gewalt, Gef\u00e4hrdung, Vernachl\u00e4ssigung. Mitwirkung im familiengerichtlichen Verfahren zur elterlichen Sorge und zum Umgang.<\/p>\n<\/div><\/div>\n\n\n\n<div class=\"wp-block-group\" style=\"border-bottom-color:#313131;border-bottom-width:1px;margin-top:0px;margin-bottom:0px;padding-top:25px;padding-right:30px;padding-bottom:25px;padding-left:30px\"><div class=\"wp-block-group__inner-container is-layout-constrained wp-container-core-group-is-layout-42a16ed6 wp-block-group-is-layout-constrained\">\n<h5 class=\"wp-block-heading has-black-color has-text-color has-medium-font-size\" style=\"margin-top:0px;margin-right:0px;margin-bottom:8px;margin-left:0px;font-style:normal;font-weight:500;line-height:1\">Erzieher<\/h5>\n\n\n\n<p class=\"has-black-color has-text-color\" style=\"margin-top:0px;margin-right:0px;margin-bottom:15px;margin-left:0px;font-size:14px;line-height:1\">st\u00e4dtische Kindertagesst\u00e4tte Rheinstr. 12, Grundschulhort, M\u00fcnchen \/ 1998 &#8211; 2006<\/p>\n\n\n\n<p class=\"has-black-color has-text-color\" style=\"margin-top:0px;margin-right:0px;margin-bottom:0px;margin-left:0px;font-size:14px;line-height:1\">Leiten einer Hortgruppe mit 24 Grundschulkindern. Mitarbeit bei der Weiterentwicklung des p\u00e4dagogischen Konzepts der Einrichtung mit dem p\u00e4dagogischen Schwerpunkt: interkulturelle P\u00e4dagogik. Geschlechtsspezifische Jungenarbeit. Medienp\u00e4dagogik. Konzeptionelle Gestaltung einer hausinternen Kinderbibliothek, mit dem Ziel, die Lesekompetenz der Kinder zu st\u00e4rken. Redaktionelle und gestalterische Verantwortung f\u00fcr den Internetauftritt der Einrichtung.<\/p>\n<\/div><\/div>\n\n\n\n<div class=\"wp-block-group\" style=\"border-bottom-color:#313131;border-bottom-width:1px;margin-top:0px;margin-bottom:0px;padding-top:25px;padding-right:30px;padding-bottom:25px;padding-left:30px\"><div class=\"wp-block-group__inner-container is-layout-constrained wp-container-core-group-is-layout-42a16ed6 wp-block-group-is-layout-constrained\">\n<h5 class=\"wp-block-heading has-black-color has-text-color has-medium-font-size\" style=\"margin-top:0px;margin-right:0px;margin-bottom:8px;margin-left:0px;font-style:normal;font-weight:500;line-height:1\">mobile p\u00e4dagogische Fachkraft<\/h5>\n\n\n\n<p class=\"has-black-color has-text-color\" style=\"margin-top:0px;margin-right:0px;margin-bottom:15px;margin-left:0px;font-size:14px;line-height:1\">st\u00e4dtischer Mittelschulhort an der Riedlerstra\u00dfe, M\u00fcnchen \/ 1997 &#8211; 1998<\/p>\n\n\n\n<p class=\"has-black-color has-text-color\" style=\"margin-top:0px;margin-right:0px;margin-bottom:0px;margin-left:0px;font-size:14px;line-height:1\">Medienprojekt mit Sch\u00fclern der 8. und 9 Klasse.<\/p>\n<\/div><\/div>\n\n\n\n<div class=\"wp-block-group\" style=\"border-bottom-color:#313131;border-bottom-width:1px;margin-top:0px;margin-bottom:0px;padding-top:25px;padding-right:30px;padding-bottom:25px;padding-left:30px\"><div class=\"wp-block-group__inner-container is-layout-constrained wp-container-core-group-is-layout-42a16ed6 wp-block-group-is-layout-constrained\">\n<h5 class=\"wp-block-heading has-black-color has-text-color has-medium-font-size\" style=\"margin-top:0px;margin-right:0px;margin-bottom:8px;margin-left:0px;font-style:normal;font-weight:500;line-height:1\">G\u00e4rtner<\/h5>\n\n\n\n<p class=\"has-black-color has-text-color\" style=\"margin-top:0px;margin-right:0px;margin-bottom:15px;margin-left:0px;font-size:14px;line-height:1\">Landschaftsg\u00e4rtner, verschiedene Betriebe, Augsburg \/ 1988 &#8211; 1993<\/p>\n<\/div><\/div>\n\n\n\n<div class=\"wp-block-group\" style=\"margin-top:0px;margin-bottom:0px;padding-top:25px;padding-right:30px;padding-bottom:25px;padding-left:30px\"><div class=\"wp-block-group__inner-container is-layout-constrained wp-container-core-group-is-layout-42a16ed6 wp-block-group-is-layout-constrained\">\n<h5 class=\"wp-block-heading has-black-color has-text-color has-medium-font-size\" style=\"margin-top:0px;margin-right:0px;margin-bottom:8px;margin-left:0px;font-style:normal;font-weight:500;line-height:1\">Zivildienstleistender<\/h5>\n\n\n\n<p class=\"has-black-color has-text-color\" style=\"margin-top:0px;margin-right:0px;margin-bottom:15px;margin-left:0px;font-size:14px;line-height:1\">Lebenshilfe e.V., F\u00f6rderzentrum, Augsburg \/ 1986 &#8211; 1988<\/p>\n<\/div><\/div>\n<\/div>\n<\/div>\n<\/div><\/div>\n","protected":false},"excerpt":{"rendered":"<p>\u201e \u2026 der Sinn des Lebens ist es, sich lebendig zu f\u00fchlen.&#8220; \u2013 Josef Campbell Ausbildung Kinder- und Jugendlichen-psychotherapeut Arbeitsgemeinschaft f\u00fcr Verhaltensmodifikation gGmbH, Kaiserstra\u00dfe 14, [&#8230;]<\/p>\n","protected":false},"author":1,"featured_media":0,"parent":0,"menu_order":0,"comment_status":"closed","ping_status":"closed","template":"","meta":{"footnotes":""},"class_list":["post-137","page","type-page","status-publish","hentry"],"_links":{"self":[{"href":"https:\/\/rainerbartenschlager.de\/index.php?rest_route=\/wp\/v2\/pages\/137","targetHints":{"allow":["GET"]}}],"collection":[{"href":"https:\/\/rainerbartenschlager.de\/index.php?rest_route=\/wp\/v2\/pages"}],"about":[{"href":"https:\/\/rainerbartenschlager.de\/index.php?rest_route=\/wp\/v2\/types\/page"}],"author":[{"embeddable":true,"href":"https:\/\/rainerbartenschlager.de\/index.php?rest_route=\/wp\/v2\/users\/1"}],"replies":[{"embeddable":true,"href":"https:\/\/rainerbartenschlager.de\/index.php?rest_route=%2Fwp%2Fv2%2Fcomments&post=137"}],"version-history":[{"count":18,"href":"https:\/\/rainerbartenschlager.de\/index.php?rest_route=\/wp\/v2\/pages\/137\/revisions"}],"predecessor-version":[{"id":815,"href":"https:\/\/rainerbartenschlager.de\/index.php?rest_route=\/wp\/v2\/pages\/137\/revisions\/815"}],"wp:attachment":[{"href":"https:\/\/rainerbartenschlager.de\/index.php?rest_route=%2Fwp%2Fv2%2Fmedia&parent=137"}],"curies":[{"name":"wp","href":"https:\/\/api.w.org\/{rel}","templated":true}]}}